{"id":214,"date":"2025-04-28T12:00:14","date_gmt":"2025-04-28T10:00:14","guid":{"rendered":"https:\/\/web-alumnos-eig.com\/grupo05granada\/?page_id=214"},"modified":"2025-05-26T21:19:01","modified_gmt":"2025-05-26T19:19:01","slug":"quienes-somos","status":"publish","type":"page","link":"https:\/\/web-alumnos-eig.com\/grupo05granada\/quienes-somos\/","title":{"rendered":"\u00bfQui\u00e9nes Somos?"},"content":{"rendered":"\t\t<div data-elementor-type=\"wp-page\" data-elementor-id=\"214\" class=\"elementor elementor-214\" data-elementor-post-type=\"page\">\n\t\t\t\t<div class=\"elementor-element elementor-element-a612e93 e-flex e-con-boxed e-con e-parent\" data-id=\"a612e93\" data-element_type=\"container\" data-e-type=\"container\">\n\t\t\t\t\t<div class=\"e-con-inner\">\n\t\t\t\t<div class=\"elementor-element elementor-element-b7a3811 elementor-widget elementor-widget-image\" data-id=\"b7a3811\" data-element_type=\"widget\" data-e-type=\"widget\" data-widget_type=\"image.default\">\n\t\t\t\t<div class=\"elementor-widget-container\">\n\t\t\t\t\t\t\t\t\t\t\t\t\t\t\t<img fetchpriority=\"high\" decoding=\"async\" width=\"1024\" height=\"1024\" src=\"https:\/\/web-alumnos-eig.com\/grupo05granada\/wp-content\/uploads\/sites\/14\/2025\/05\/quienes-somos-optimizada.jpg\" class=\"attachment-large size-large wp-image-243\" alt=\"\" srcset=\"https:\/\/web-alumnos-eig.com\/grupo05granada\/wp-content\/uploads\/sites\/14\/2025\/05\/quienes-somos-optimizada.jpg 1024w, https:\/\/web-alumnos-eig.com\/grupo05granada\/wp-content\/uploads\/sites\/14\/2025\/05\/quienes-somos-optimizada-300x300.jpg 300w, https:\/\/web-alumnos-eig.com\/grupo05granada\/wp-content\/uploads\/sites\/14\/2025\/05\/quienes-somos-optimizada-150x150.jpg 150w, https:\/\/web-alumnos-eig.com\/grupo05granada\/wp-content\/uploads\/sites\/14\/2025\/05\/quienes-somos-optimizada-768x768.jpg 768w, https:\/\/web-alumnos-eig.com\/grupo05granada\/wp-content\/uploads\/sites\/14\/2025\/05\/quienes-somos-optimizada-600x600.jpg 600w, https:\/\/web-alumnos-eig.com\/grupo05granada\/wp-content\/uploads\/sites\/14\/2025\/05\/quienes-somos-optimizada-100x100.jpg 100w\" sizes=\"(max-width: 1024px) 100vw, 1024px\" \/>\t\t\t\t\t\t\t\t\t\t\t\t\t\t\t<\/div>\n\t\t\t\t<\/div>\n\t\t\t\t<div class=\"elementor-element elementor-element-5b28043 elementor-widget elementor-widget-text-editor\" data-id=\"5b28043\" data-element_type=\"widget\" data-e-type=\"widget\" data-widget_type=\"text-editor.default\">\n\t\t\t\t<div class=\"elementor-widget-container\">\n\t\t\t\t\t\t\t\t\t<p data-start=\"214\" data-end=\"500\">Somos una peque\u00f1a gran papeler\u00eda nacida con mucho cari\u00f1o y una idea clara: hacerte la vida m\u00e1s f\u00e1cil y creativa con los productos que usamos todos los d\u00edas. Amamos la papeler\u00eda desde siempre, y por eso seleccionamos cada art\u00edculo con mimo, buscando calidad, buen precio y utilidad real.<\/p><p data-start=\"502\" data-end=\"784\">Aqu\u00ed vas a encontrar de todo: desde bolis, cuadernos y plastilina, hasta cajas organizadoras, cartulinas o correctores. Todo pensado para que estudies, trabajes o crees con gusto. Ya sea para el cole, la oficina o tus momentos creativos en casa, queremos ser tu tienda de confianza.<\/p><p data-start=\"786\" data-end=\"933\">\u00a1Gracias por apoyarnos y formar parte de esta aventura!<\/p>\t\t\t\t\t\t\t\t<\/div>\n\t\t\t\t<\/div>\n\t\t\t\t\t<\/div>\n\t\t\t\t<\/div>\n\t\t\t\t<\/div>\n\t\t","protected":false},"excerpt":{"rendered":"<p>Somos una peque\u00f1a gran papeler\u00eda nacida con mucho cari\u00f1o y una idea clara: hacerte la vida m\u00e1s f\u00e1cil y creativa con los productos que usamos todos los d\u00edas. Amamos la papeler\u00eda desde siempre, y por eso seleccionamos cada art\u00edculo con mimo, buscando calidad, buen precio y utilidad real. Aqu\u00ed vas a encontrar de todo: desde [&hellip;]<\/p>\n","protected":false},"author":37,"featured_media":0,"parent":0,"menu_order":0,"comment_status":"closed","ping_status":"closed","template":"","meta":{"_joinchat":[],"footnotes":""},"class_list":["post-214","page","type-page","status-publish","hentry"],"yoast_head":"<!-- This site is optimized with the Yoast SEO plugin v27.0 - https:\/\/yoast.com\/product\/yoast-seo-wordpress\/ -->\n<title>\u00bfQui\u00e9nes Somos? - Material Escolar<\/title>\n<meta name=\"robots\" content=\"index, follow, max-snippet:-1, max-image-preview:large, max-video-preview:-1\" \/>\n<link rel=\"canonical\" href=\"https:\/\/web-alumnos-eig.com\/grupo05granada\/quienes-somos\/\" \/>\n<meta property=\"og:locale\" content=\"es_ES\" \/>\n<meta property=\"og:type\" content=\"article\" \/>\n<meta property=\"og:title\" content=\"\u00bfQui\u00e9nes Somos? - Material Escolar\" \/>\n<meta property=\"og:description\" content=\"Somos una peque\u00f1a gran papeler\u00eda nacida con mucho cari\u00f1o y una idea clara: hacerte la vida m\u00e1s f\u00e1cil y creativa con los productos que usamos todos los d\u00edas. Amamos la papeler\u00eda desde siempre, y por eso seleccionamos cada art\u00edculo con mimo, buscando calidad, buen precio y utilidad real. Aqu\u00ed vas a encontrar de todo: desde [&hellip;]\" \/>\n<meta property=\"og:url\" content=\"https:\/\/web-alumnos-eig.com\/grupo05granada\/quienes-somos\/\" \/>\n<meta property=\"og:site_name\" content=\"Material Escolar\" \/>\n<meta property=\"article:modified_time\" content=\"2025-05-26T19:19:01+00:00\" \/>\n<meta property=\"og:image\" content=\"https:\/\/web-alumnos-eig.com\/grupo05granada\/wp-content\/uploads\/sites\/14\/2025\/05\/quienes-somos-optimizada.jpg\" \/>\n\t<meta property=\"og:image:width\" content=\"1024\" \/>\n\t<meta property=\"og:image:height\" content=\"1024\" \/>\n\t<meta property=\"og:image:type\" content=\"image\/jpeg\" \/>\n<meta name=\"twitter:card\" content=\"summary_large_image\" \/>\n<meta name=\"twitter:label1\" content=\"Tiempo de lectura\" \/>\n\t<meta name=\"twitter:data1\" content=\"1 minuto\" \/>\n<script type=\"application\/ld+json\" class=\"yoast-schema-graph\">{\"@context\":\"https:\/\/schema.org\",\"@graph\":[{\"@type\":\"WebPage\",\"@id\":\"https:\/\/web-alumnos-eig.com\/grupo05granada\/quienes-somos\/\",\"url\":\"https:\/\/web-alumnos-eig.com\/grupo05granada\/quienes-somos\/\",\"name\":\"\u00bfQui\u00e9nes Somos? - Material Escolar\",\"isPartOf\":{\"@id\":\"https:\/\/web-alumnos-eig.com\/grupo05granada\/#website\"},\"primaryImageOfPage\":{\"@id\":\"https:\/\/web-alumnos-eig.com\/grupo05granada\/quienes-somos\/#primaryimage\"},\"image\":{\"@id\":\"https:\/\/web-alumnos-eig.com\/grupo05granada\/quienes-somos\/#primaryimage\"},\"thumbnailUrl\":\"https:\/\/web-alumnos-eig.com\/grupo05granada\/wp-content\/uploads\/sites\/14\/2025\/05\/quienes-somos-optimizada.jpg\",\"datePublished\":\"2025-04-28T10:00:14+00:00\",\"dateModified\":\"2025-05-26T19:19:01+00:00\",\"breadcrumb\":{\"@id\":\"https:\/\/web-alumnos-eig.com\/grupo05granada\/quienes-somos\/#breadcrumb\"},\"inLanguage\":\"es\",\"potentialAction\":[{\"@type\":\"ReadAction\",\"target\":[\"https:\/\/web-alumnos-eig.com\/grupo05granada\/quienes-somos\/\"]}]},{\"@type\":\"ImageObject\",\"inLanguage\":\"es\",\"@id\":\"https:\/\/web-alumnos-eig.com\/grupo05granada\/quienes-somos\/#primaryimage\",\"url\":\"https:\/\/web-alumnos-eig.com\/grupo05granada\/wp-content\/uploads\/sites\/14\/2025\/05\/quienes-somos-optimizada.jpg\",\"contentUrl\":\"https:\/\/web-alumnos-eig.com\/grupo05granada\/wp-content\/uploads\/sites\/14\/2025\/05\/quienes-somos-optimizada.jpg\",\"width\":1024,\"height\":1024},{\"@type\":\"BreadcrumbList\",\"@id\":\"https:\/\/web-alumnos-eig.com\/grupo05granada\/quienes-somos\/#breadcrumb\",\"itemListElement\":[{\"@type\":\"ListItem\",\"position\":1,\"name\":\"Portada\",\"item\":\"https:\/\/web-alumnos-eig.com\/grupo05granada\/\"},{\"@type\":\"ListItem\",\"position\":2,\"name\":\"\u00bfQui\u00e9nes Somos?\"}]},{\"@type\":\"WebSite\",\"@id\":\"https:\/\/web-alumnos-eig.com\/grupo05granada\/#website\",\"url\":\"https:\/\/web-alumnos-eig.com\/grupo05granada\/\",\"name\":\"Material Escolar\",\"description\":\"\",\"potentialAction\":[{\"@type\":\"SearchAction\",\"target\":{\"@type\":\"EntryPoint\",\"urlTemplate\":\"https:\/\/web-alumnos-eig.com\/grupo05granada\/?s={search_term_string}\"},\"query-input\":{\"@type\":\"PropertyValueSpecification\",\"valueRequired\":true,\"valueName\":\"search_term_string\"}}],\"inLanguage\":\"es\"}]}<\/script>\n<!-- \/ Yoast SEO plugin. -->","yoast_head_json":{"title":"\u00bfQui\u00e9nes Somos? - Material Escolar","robots":{"index":"index","follow":"follow","max-snippet":"max-snippet:-1","max-image-preview":"max-image-preview:large","max-video-preview":"max-video-preview:-1"},"canonical":"https:\/\/web-alumnos-eig.com\/grupo05granada\/quienes-somos\/","og_locale":"es_ES","og_type":"article","og_title":"\u00bfQui\u00e9nes Somos? - Material Escolar","og_description":"Somos una peque\u00f1a gran papeler\u00eda nacida con mucho cari\u00f1o y una idea clara: hacerte la vida m\u00e1s f\u00e1cil y creativa con los productos que usamos todos los d\u00edas. Amamos la papeler\u00eda desde siempre, y por eso seleccionamos cada art\u00edculo con mimo, buscando calidad, buen precio y utilidad real. Aqu\u00ed vas a encontrar de todo: desde [&hellip;]","og_url":"https:\/\/web-alumnos-eig.com\/grupo05granada\/quienes-somos\/","og_site_name":"Material Escolar","article_modified_time":"2025-05-26T19:19:01+00:00","og_image":[{"width":1024,"height":1024,"url":"https:\/\/web-alumnos-eig.com\/grupo05granada\/wp-content\/uploads\/sites\/14\/2025\/05\/quienes-somos-optimizada.jpg","type":"image\/jpeg"}],"twitter_card":"summary_large_image","twitter_misc":{"Tiempo de lectura":"1 minuto"},"schema":{"@context":"https:\/\/schema.org","@graph":[{"@type":"WebPage","@id":"https:\/\/web-alumnos-eig.com\/grupo05granada\/quienes-somos\/","url":"https:\/\/web-alumnos-eig.com\/grupo05granada\/quienes-somos\/","name":"\u00bfQui\u00e9nes Somos? - Material Escolar","isPartOf":{"@id":"https:\/\/web-alumnos-eig.com\/grupo05granada\/#website"},"primaryImageOfPage":{"@id":"https:\/\/web-alumnos-eig.com\/grupo05granada\/quienes-somos\/#primaryimage"},"image":{"@id":"https:\/\/web-alumnos-eig.com\/grupo05granada\/quienes-somos\/#primaryimage"},"thumbnailUrl":"https:\/\/web-alumnos-eig.com\/grupo05granada\/wp-content\/uploads\/sites\/14\/2025\/05\/quienes-somos-optimizada.jpg","datePublished":"2025-04-28T10:00:14+00:00","dateModified":"2025-05-26T19:19:01+00:00","breadcrumb":{"@id":"https:\/\/web-alumnos-eig.com\/grupo05granada\/quienes-somos\/#breadcrumb"},"inLanguage":"es","potentialAction":[{"@type":"ReadAction","target":["https:\/\/web-alumnos-eig.com\/grupo05granada\/quienes-somos\/"]}]},{"@type":"ImageObject","inLanguage":"es","@id":"https:\/\/web-alumnos-eig.com\/grupo05granada\/quienes-somos\/#primaryimage","url":"https:\/\/web-alumnos-eig.com\/grupo05granada\/wp-content\/uploads\/sites\/14\/2025\/05\/quienes-somos-optimizada.jpg","contentUrl":"https:\/\/web-alumnos-eig.com\/grupo05granada\/wp-content\/uploads\/sites\/14\/2025\/05\/quienes-somos-optimizada.jpg","width":1024,"height":1024},{"@type":"BreadcrumbList","@id":"https:\/\/web-alumnos-eig.com\/grupo05granada\/quienes-somos\/#breadcrumb","itemListElement":[{"@type":"ListItem","position":1,"name":"Portada","item":"https:\/\/web-alumnos-eig.com\/grupo05granada\/"},{"@type":"ListItem","position":2,"name":"\u00bfQui\u00e9nes Somos?"}]},{"@type":"WebSite","@id":"https:\/\/web-alumnos-eig.com\/grupo05granada\/#website","url":"https:\/\/web-alumnos-eig.com\/grupo05granada\/","name":"Material Escolar","description":"","potentialAction":[{"@type":"SearchAction","target":{"@type":"EntryPoint","urlTemplate":"https:\/\/web-alumnos-eig.com\/grupo05granada\/?s={search_term_string}"},"query-input":{"@type":"PropertyValueSpecification","valueRequired":true,"valueName":"search_term_string"}}],"inLanguage":"es"}]}},"_links":{"self":[{"href":"https:\/\/web-alumnos-eig.com\/grupo05granada\/wp-json\/wp\/v2\/pages\/214","targetHints":{"allow":["GET"]}}],"collection":[{"href":"https:\/\/web-alumnos-eig.com\/grupo05granada\/wp-json\/wp\/v2\/pages"}],"about":[{"href":"https:\/\/web-alumnos-eig.com\/grupo05granada\/wp-json\/wp\/v2\/types\/page"}],"author":[{"embeddable":true,"href":"https:\/\/web-alumnos-eig.com\/grupo05granada\/wp-json\/wp\/v2\/users\/37"}],"replies":[{"embeddable":true,"href":"https:\/\/web-alumnos-eig.com\/grupo05granada\/wp-json\/wp\/v2\/comments?post=214"}],"version-history":[{"count":6,"href":"https:\/\/web-alumnos-eig.com\/grupo05granada\/wp-json\/wp\/v2\/pages\/214\/revisions"}],"predecessor-version":[{"id":246,"href":"https:\/\/web-alumnos-eig.com\/grupo05granada\/wp-json\/wp\/v2\/pages\/214\/revisions\/246"}],"wp:attachment":[{"href":"https:\/\/web-alumnos-eig.com\/grupo05granada\/wp-json\/wp\/v2\/media?parent=214"}],"curies":[{"name":"wp","href":"https:\/\/api.w.org\/{rel}","templated":true}]}}